{"id":38,"date":"2022-05-23T00:00:43","date_gmt":"2022-05-22T22:00:43","guid":{"rendered":"http:\/\/blogcapm.igualdadebenestar.org\/?page_id=38"},"modified":"2024-09-04T12:21:40","modified_gmt":"2024-09-04T10:21:40","slug":"canal-de-you-tube","status":"publish","type":"page","link":"https:\/\/ocentrodedianacasa.igualdadebenestar.org\/?page_id=38","title":{"rendered":"Da nosa COLLEITA"},"content":{"rendered":"\n<p><span style=\"color: #000000;\">Da nosa colleita \u00e9 un recolpilatorio de acci\u00f3ns que recollen o noso facer profesional, baseado nun modelo de capacitaci\u00f3n profesional. <\/span><\/p>\n<h4 style=\"text-align: center;\"><span style=\"color: #000080;\"><strong>FALEMOS<\/strong><\/span><\/h4>\n<p><span style=\"color: #000000;\">Falemos \u00e9 unha iniciativa que cont\u00e9n breves faladoiros sobre temas de intres que plasman a experiencia e os procedementos do traballo en rede que se ve\u00f1en realizando no Consorcio Galego de Servizos Sociais dende fai anos.<\/span><\/p>\n<p><span style=\"color: #000000;\">&nbsp; <br><\/span><\/p>\n\n\n\n<h4 style=\"text-align: left;\"><em><strong><span style=\"color: #000080;\">FALEMOS 1: A sa\u00fade mental en \u00e9poca de pandemia<\/span><\/strong><\/em><\/h4>\n\n\n\n<p>\u00c9 indubidable que nos \u00faltimos anos a sa\u00fade mental adquiriu un protagonismo social a consecuencia da pandemia que estamos a sufrir. Ser conscientes de como nos afecta e nos afectou dita situaci\u00f3n no noso d\u00eda a d\u00eda, tanto persoal como laboral, e entender con que ferramentas contamos para abordar da mellor maneira posible as situaci\u00f3ns que nos xeran estr\u00e9s e que estratexias de prevenci\u00f3n temos ao noso alcance para conseguir unha mellor adaptaci\u00f3n ante un escenario a\u00ednda incerto, \u00e9 do que trata este primeiro Falemos que inaugura o ciclo de charlas formativas.<\/p>\n\n\n\n<figure class=\"wp-block-embed-youtube wp-block-embed is-type-video is-provider-youtube wp-embed-aspect-16-9 wp-has-aspect-ratio\"><div class=\"wp-block-embed__wrapper\">\n<iframe title=\"FALEMOS 1: A sa\u00fade mental en \u00e9poca de pandemia\" width=\"678\" height=\"381\" src=\"https:\/\/www.youtube.com\/embed\/NhDuQu0fLdA?feature=oembed\" frameborder=\"0\" allow=\"accelerometer; autoplay; clipboard-write; encrypted-media; gyroscope; picture-in-picture; web-share\" referrerpolicy=\"strict-origin-when-cross-origin\" allowfullscreen><\/iframe>\n<\/div><\/figure>\n\n\n\n<h4 class=\"wp-block-preformatted\" style=\"text-align: left;\"><em><strong><span style=\"color: #000080;\">FALEMOS 2: Como garantimos o exercicio da capacidade xur\u00eddica das persoas usuarias?<\/span><\/strong><\/em><\/h4>\n<p>A entrada en vigor da Lei 8\/2021 de reforma da Lexislaci\u00f3n Civil e Procesal para o apoio \u00e1s persoas con discapacidade no exercicio da s\u00faa capacidade xur\u00eddica, sup\u00f3n un fito na intervenci\u00f3n coas persoas que precisan apoio para o exercicio da s\u00faa capacidade xur\u00eddica, e na defensa do dereito que te\u00f1en a exercela coas m\u00e1ximas garant\u00edas.<\/p>\n<p>O cambio de paradigma que sup\u00f3n, obr\u00edganos a adaptar as nosas Gu\u00edas Metodol\u00f3xicas para garantir este dereito. Si ben hai cuesti\u00f3ns que non difiren moito do noso enfoque, hai outras cuesti\u00f3ns practicas que debemos mudar. Este falemos da unha explicaci\u00f3n te\u00f3rico pr\u00e1ctica da implantaci\u00f3n desta nova normativa. Pretende adaptala ao noso d\u00eda a d\u00eda nos centros, e dar pautas concretas sobre, por exemplo, as comunicaci\u00f3ns ao xulgado e ao ministerio fiscal para o aseguramento do exercicio da dita capacidade xur\u00eddica.<\/p>\n\n\n\n<figure class=\"wp-block-embed-youtube wp-block-embed is-type-video is-provider-youtube wp-embed-aspect-16-9 wp-has-aspect-ratio\"><div class=\"wp-block-embed__wrapper\">\n<iframe title=\"FALEMOS 2: C\u00f3mo garantimos o exercicio da capacidade xur\u00eddica das persoas usuarias?\" width=\"678\" height=\"381\" src=\"https:\/\/www.youtube.com\/embed\/GXltD2CZtME?feature=oembed\" frameborder=\"0\" allow=\"accelerometer; autoplay; clipboard-write; encrypted-media; gyroscope; picture-in-picture; web-share\" referrerpolicy=\"strict-origin-when-cross-origin\" allowfullscreen><\/iframe>\n<\/div><\/figure>\n\n\n\n<h4 class=\"wp-block-preformatted\" style=\"text-align: left;\"><span style=\"color: #000080;\"><strong><em>FALEMOS 3 : A importancia das historias de vida: Un caso pr\u00e1ctico<\/em><\/strong><\/span><\/h4>\n\n\n\n<p>A Historia de vida recolle a traxectoria e proxecto vital dos usuarios dos centros, os gustos e preferencias, os valores&#8230; \u00c9 un relato sobre a biograf\u00eda das persoas a trav\u00e9s da s\u00faa propia mirada, da s\u00faa visi\u00f3n subxectiva dos acontecementos, valores, ideas, relaci\u00f3ns ou proxectos da s\u00faa vida (GMA Revisi\u00f3n 0.) <\/p>\n\n\n\n<p>Para poder ofrecer unha adecuada intervenci\u00f3n e garant\u00eda dos dereitos dos maiores que atendemos,  \u00e9 imprescindible co\u00f1ecelos en profundidade, e as\u00ed poder encami\u00f1ar as acci\u00f3n profesionais que mellor se axusten a cada caso.<\/p>\n\n\n\n<figure class=\"wp-block-embed-youtube wp-block-embed is-type-video is-provider-youtube wp-embed-aspect-16-9 wp-has-aspect-ratio\"><div class=\"wp-block-embed__wrapper\">\n<iframe title=\"FALEMOS 3: A importancia das Historias de Vida un caso pr\u00e1ctico\" width=\"678\" height=\"381\" src=\"https:\/\/www.youtube.com\/embed\/yNkUQVzCjKY?feature=oembed\" frameborder=\"0\" allow=\"accelerometer; autoplay; clipboard-write; encrypted-media; gyroscope; picture-in-picture; web-share\" referrerpolicy=\"strict-origin-when-cross-origin\" allowfullscreen><\/iframe>\n<\/div><\/figure>\n\n\n\n<h4 class=\"wp-block-preformatted\" style=\"text-align: left;\"><span style=\"color: #000080;\"><strong><em>FALEMOS 4: Todo o que che vai preguntar inspecci\u00f3n e que vas saber respostar<\/em><\/strong><\/span><\/h4>\n<p lang=\"gl-ES\">Cando un centro recibe a visita do servizo de inspecci\u00f3n, son multitude as cuesti\u00f3ns que se formulan, as d\u00fabidas e tam\u00e9n as propostas de mellora. Por iso, este faladoiro \u00e9 unha posta en com\u00fan de todas elas,&nbsp; pretende enriquecer e aportar un valor engadido os nosos procedementos tendo en conta a experiencia do noso traballo como rede.<\/p>\n\n\n\n<figure class=\"wp-block-embed-youtube wp-block-embed is-type-video is-provider-youtube wp-embed-aspect-16-9 wp-has-aspect-ratio\"><div class=\"wp-block-embed__wrapper\">\n<iframe title=\"FALEMOS 4: Todo o que che vai a preguntar Inspecci\u00f3n e que ti vas a saber respostar\" width=\"678\" height=\"381\" src=\"https:\/\/www.youtube.com\/embed\/sT-ybQR5QLo?feature=oembed\" frameborder=\"0\" allow=\"accelerometer; autoplay; clipboard-write; encrypted-media; gyroscope; picture-in-picture; web-share\" referrerpolicy=\"strict-origin-when-cross-origin\" allowfullscreen><\/iframe>\n<\/div><\/figure>\n\n\n\n<h4 class=\"wp-block-preformatted\" style=\"text-align: left;\"><span style=\"color: #000080;\"><strong><em>FALEMOS 5: Como crear espazos de benestar?<\/em><\/strong><\/span><\/h4>\n<p>Entrar nun centro de d\u00eda, vivenda ou residencia e que as persoas sintan unha boa influencia, \u00e9 tam\u00e9n unha cuesti\u00f3n do confort que hai ao seu redor. Ese benestar p\u00f3dese crear con un bo n\u00famero de elementos que temos que co\u00f1ecer porque non supo\u00f1en, as m\u00e1is das veces, un custo engadido se non unha vontade de busca da beleza e a placidez. Influ\u00edmos no ambiente como este nos infl\u00fae a nos, sendo osco ou amable. Neste Faladoiro co\u00f1eceremos as claves desa influenza positiva que temos que perseguir.<\/p>\n\n\n\n<figure class=\"wp-block-embed-youtube wp-block-embed is-type-video is-provider-youtube wp-embed-aspect-16-9 wp-has-aspect-ratio\"><div class=\"wp-block-embed__wrapper\">\n<iframe title=\"FALEMOS 5: Como crear espazos de benestar\" width=\"678\" height=\"381\" src=\"https:\/\/www.youtube.com\/embed\/AlErZe9O8tA?feature=oembed\" frameborder=\"0\" allow=\"accelerometer; autoplay; clipboard-write; encrypted-media; gyroscope; picture-in-picture; web-share\" referrerpolicy=\"strict-origin-when-cross-origin\" allowfullscreen><\/iframe>\n<\/div><\/figure>\n\n\n\n<h4><em><span style=\"color: #0000ff;\"><span style=\"color: #000080;\"><strong>FALEMOS<\/strong> <strong>6: Cambios na fala, cambios na mente<\/strong><\/span><\/span><\/em><\/h4>\n<p>Dado que mediante a fala se expresa o pensamento, c\u00f3mpre varia a linguaxe para mudar as ideas. O presente faladoiro trata de modificar as mensaxes para variar o imaxinario colectivo, que no caso das persoas maiores, consta de moitas ideas estereotipadas, preconcibidas e negativas de como deben comportarse e como ten que ser o seu estilo de vida.<\/p>\n\n\n\n<p>Expresi\u00f3ns tan coti\u00e1s como &#8220;<em>Son como nenos<\/em>!&#8221; ou &#8220;<em>Que ben ten conservas para os anos que tes<\/em>&#8220;, son exemplos frecuentes dunha linguaxe paternalista e infantil ou do desprezo cara a unha idade respecto a outras, que est\u00e1n interiorizadas na sociedade, e que se reproducen sen caer na conta da mingua da autoestima que supo\u00f1en para as persoas \u00e1 quen vai dirixidas.<\/p>\n\n\n\n<p>Compre reflexionar sobre todo isto e pasar tomar partido por acci\u00f3ns m\u00e1is xustas e integradoras sobre todo nos, profesionais que traballan por e para as persoas maiores.<\/p>\n\n\n\n<p>Na gravaci\u00f3n da charla, podedes escoitar ben \u00e1s relatoras a partir do minuto 9:50 no que se estabilizan os problemas de son.<\/p>\n\n\n\n<figure class=\"wp-block-embed-youtube wp-block-embed is-type-video is-provider-youtube wp-embed-aspect-16-9 wp-has-aspect-ratio\"><div class=\"wp-block-embed__wrapper\">\n<iframe title=\"FALEMOS 6: CAMBIOS NA FALA, CAMBIOS NA MENTE 20220426 1203 1\" width=\"678\" height=\"381\" src=\"https:\/\/www.youtube.com\/embed\/8FVcwfW4ovU?feature=oembed\" frameborder=\"0\" allow=\"accelerometer; autoplay; clipboard-write; encrypted-media; gyroscope; picture-in-picture; web-share\" referrerpolicy=\"strict-origin-when-cross-origin\" allowfullscreen><\/iframe>\n<\/div><\/figure>\n\n\n\n<h4><em><strong><span style=\"color: #000080;\">FALEMOS 7: Gu\u00edas Metodol\u00f3xicas I (rev.VI): Asignaci\u00f3ns, ingresos, traslados e baixas<\/span><\/strong><\/em><\/h4>\n<p>Comezamos a primeira das sesi\u00f3ns adicadas \u00e1 presentaci\u00f3n das modificaci\u00f3ns introducidas nas Gu\u00edas Metodol\u00f3xicas de actuaci\u00f3n,&nbsp; na VI revisi\u00f3n, con esta primeira charla que versou sobre os cambios nos procedementos de asignaci\u00f3ns de praza, ingreso, traslados e baixas.<\/p>\n\n\n\n<figure class=\"wp-block-embed-youtube wp-block-embed is-type-video is-provider-youtube wp-embed-aspect-16-9 wp-has-aspect-ratio\"><div class=\"wp-block-embed__wrapper\">\n<iframe title=\"GUIAS METODOL\u00d3XICAS I Faladoiro do Consorcio Galego de Igualdade e Benestar 20220518 1207 1\" width=\"678\" height=\"381\" src=\"https:\/\/www.youtube.com\/embed\/xGdFS8w1E-M?feature=oembed\" frameborder=\"0\" allow=\"accelerometer; autoplay; clipboard-write; encrypted-media; gyroscope; picture-in-picture; web-share\" referrerpolicy=\"strict-origin-when-cross-origin\" allowfullscreen><\/iframe>\n<\/div><\/figure>\n\n\n\n<h4><span style=\"color: #000080;\"><em><strong>FALEMOS 8: Gu\u00edas Metodol\u00f3xicas II (rev. VI): PAI-PAF, Participaci\u00f3n, Actividades e Reclamaci\u00f3ns<\/strong><\/em><\/span><\/h4>\n<p>Continuamos coa segunda sesi\u00f3n da presentaci\u00f3n da revisi\u00f3n VI das Gu\u00edas metodol\u00f3xicas centrada, nesta ocasi\u00f3n, na elaboraci\u00f3n dos PAI-PAF, na participaci\u00f3n das persoas usuarias e familias na vida do centro, na toma de decisi\u00f3ns sobre as actividades a realizar e nas novidades na xesti\u00f3n das reclamaci\u00f3ns.<\/p>\n\n\n\n<figure class=\"wp-block-embed-youtube wp-block-embed is-type-video is-provider-youtube wp-embed-aspect-16-9 wp-has-aspect-ratio\"><div class=\"wp-block-embed__wrapper\">\n<iframe title=\"GUIAS METODOL\u00d3XICAS II Faladoiro do Consorcio Galego de Igualdade e Benestar 20220524 1205 1\" width=\"678\" height=\"381\" src=\"https:\/\/www.youtube.com\/embed\/IX112ARtL7s?feature=oembed\" frameborder=\"0\" allow=\"accelerometer; autoplay; clipboard-write; encrypted-media; gyroscope; picture-in-picture; web-share\" referrerpolicy=\"strict-origin-when-cross-origin\" allowfullscreen><\/iframe>\n<\/div><\/figure>\n\n\n\n<h4><span style=\"color: #000080;\"><em><strong>FALEMOS 9: Gu\u00edas Metodol\u00f3xicas III (rev.VI): Xesti\u00f3n de ca\u00eddas, Medidas de restricci\u00f3n da liberdade, Administraci\u00f3n e custodia de medicaci\u00f3n e Detecci\u00f3n de presunto maltrato<\/strong><\/em><\/span><\/h4>\n<p>Finalizamos as sesi\u00f3ns adicadas \u00e1 presentaci\u00f3n da revisi\u00f3n VI das gu\u00edas de actuaci\u00f3n centr\u00e1ndonos nas variaci\u00f3ns que sufriron, con respecto \u00e1 revisi\u00f3n V, os procedementos de ca\u00eddas, medidas de restricci\u00f3n da liberdade e administraci\u00f3n e custodia de medicaci\u00f3n.<\/p>\n\n\n\n<figure class=\"wp-block-embed-youtube wp-block-embed is-type-video is-provider-youtube wp-embed-aspect-16-9 wp-has-aspect-ratio\"><div class=\"wp-block-embed__wrapper\">\n<iframe title=\"GUIAS METODOL\u00d3XICAS III Faladoiro do Consorcio Galego de Igualdade e Benestar 20220601 1205 1\" width=\"678\" height=\"381\" src=\"https:\/\/www.youtube.com\/embed\/9KKsIG_mwU4?feature=oembed\" frameborder=\"0\" allow=\"accelerometer; autoplay; clipboard-write; encrypted-media; gyroscope; picture-in-picture; web-share\" referrerpolicy=\"strict-origin-when-cross-origin\" allowfullscreen><\/iframe>\n<\/div><\/figure>\n\n\n\n<h3><span style=\"color: #000080;\"><strong>Materiais<\/strong><\/span><\/h3>\n<p>Por outro lado, estas son algunhas das publicaci\u00f3ns que temos elaborado e sobre as que se sost\u00e9n moito do noso modelo de traballo e da forma de entender os coidados \u00e1s persoas maiores e as s\u00faas familias.<\/p>\n\n\n\n<p class=\"has-text-align-center\"><\/p>\n\n\n\n<p class=\"has-text-align-center\"><a rel=\"noreferrer noopener\" href=\"https:\/\/www.igualdadebenestar.org\/publicacions\/publicacion.php?erro=2\" target=\"_blank\">AQU\u00cd podes consultalas<\/a><\/p>\n\n\n\n<div class=\"wp-block-columns\">\n<div class=\"wp-block-column\">\n<figure class=\"wp-block-image size-large is-resized\"><img loading=\"lazy\" src=\"https:\/\/ocentrodedianacasa.igualdadebenestar.org\/wp-content\/uploads\/2020\/04\/eu-son-elvira.png\" alt=\"\" class=\"wp-image-314\" width=\"139\" height=\"201\" srcset=\"https:\/\/ocentrodedianacasa.igualdadebenestar.org\/wp-content\/uploads\/2020\/04\/eu-son-elvira.png 428w, https:\/\/ocentrodedianacasa.igualdadebenestar.org\/wp-content\/uploads\/2020\/04\/eu-son-elvira-207x300.png 207w, https:\/\/ocentrodedianacasa.igualdadebenestar.org\/wp-content\/uploads\/2020\/04\/eu-son-elvira-17x24.png 17w, https:\/\/ocentrodedianacasa.igualdadebenestar.org\/wp-content\/uploads\/2020\/04\/eu-son-elvira-25x36.png 25w, https:\/\/ocentrodedianacasa.igualdadebenestar.org\/wp-content\/uploads\/2020\/04\/eu-son-elvira-33x48.png 33w\" sizes=\"(max-width: 139px) 100vw, 139px\" \/><figcaption>AUDIOGU\u00cdA: <a href=\"https:\/\/nimbo.igualdadebenestar.org\/s\/ZCj7y9sh4YiXAnM\">https:\/\/ocentrodedianacasa.igualdadebenestar.org\/?p=4791<\/a><\/figcaption><\/figure>\n<\/div>\n\n\n\n<div class=\"wp-block-column\">\n<figure class=\"wp-block-image size-large is-resized\"><img loading=\"lazy\" src=\"https:\/\/ocentrodedianacasa.igualdadebenestar.org\/wp-content\/uploads\/2020\/05\/Captura-de-pantalla_2020-05-22_09-32-19-1.png\" alt=\"\" class=\"wp-image-1678\" width=\"135\" height=\"201\" srcset=\"https:\/\/ocentrodedianacasa.igualdadebenestar.org\/wp-content\/uploads\/2020\/05\/Captura-de-pantalla_2020-05-22_09-32-19-1.png 281w, https:\/\/ocentrodedianacasa.igualdadebenestar.org\/wp-content\/uploads\/2020\/05\/Captura-de-pantalla_2020-05-22_09-32-19-1-201x300.png 201w\" sizes=\"(max-width: 135px) 100vw, 135px\" \/><\/figure>\n<\/div>\n\n\n\n<div class=\"wp-block-column\">\n<figure class=\"wp-block-image size-large is-resized\"><img loading=\"lazy\" src=\"https:\/\/ocentrodedianacasa.igualdadebenestar.org\/wp-content\/uploads\/2020\/05\/Captura-de-pantalla_2020-05-22_09-35-13-2.png\" alt=\"\" class=\"wp-image-1679\" width=\"134\" height=\"205\" srcset=\"https:\/\/ocentrodedianacasa.igualdadebenestar.org\/wp-content\/uploads\/2020\/05\/Captura-de-pantalla_2020-05-22_09-35-13-2.png 274w, https:\/\/ocentrodedianacasa.igualdadebenestar.org\/wp-content\/uploads\/2020\/05\/Captura-de-pantalla_2020-05-22_09-35-13-2-195x300.png 195w\" sizes=\"(max-width: 134px) 100vw, 134px\" \/><\/figure>\n<\/div>\n<\/div>\n\n\n\n<figure class=\"wp-block-gallery columns-3 is-cropped\"><ul class=\"blocks-gallery-grid\"><li class=\"blocks-gallery-item\"><figure><img loading=\"lazy\" width=\"850\" height=\"653\" src=\"https:\/\/ocentrodedianacasa.igualdadebenestar.org\/wp-content\/uploads\/2020\/05\/cod-1.png\" alt=\"\" data-id=\"931\" data-full-url=\"https:\/\/ocentrodedianacasa.igualdadebenestar.org\/wp-content\/uploads\/2020\/05\/cod-1.png\" data-link=\"https:\/\/ocentrodedianacasa.igualdadebenestar.org\/?attachment_id=931\" class=\"wp-image-931\" srcset=\"https:\/\/ocentrodedianacasa.igualdadebenestar.org\/wp-content\/uploads\/2020\/05\/cod-1.png 850w, https:\/\/ocentrodedianacasa.igualdadebenestar.org\/wp-content\/uploads\/2020\/05\/cod-1-300x230.png 300w, https:\/\/ocentrodedianacasa.igualdadebenestar.org\/wp-content\/uploads\/2020\/05\/cod-1-768x590.png 768w\" sizes=\"(max-width: 850px) 100vw, 850px\" \/><\/figure><\/li><li class=\"blocks-gallery-item\"><figure><img loading=\"lazy\" width=\"724\" height=\"1024\" src=\"https:\/\/ocentrodedianacasa.igualdadebenestar.org\/wp-content\/uploads\/2020\/05\/guias-1-724x1024.png\" alt=\"\" data-id=\"930\" data-full-url=\"https:\/\/ocentrodedianacasa.igualdadebenestar.org\/wp-content\/uploads\/2020\/05\/guias-1.png\" data-link=\"https:\/\/ocentrodedianacasa.igualdadebenestar.org\/?attachment_id=930\" class=\"wp-image-930\" srcset=\"https:\/\/ocentrodedianacasa.igualdadebenestar.org\/wp-content\/uploads\/2020\/05\/guias-1-724x1024.png 724w, https:\/\/ocentrodedianacasa.igualdadebenestar.org\/wp-content\/uploads\/2020\/05\/guias-1-212x300.png 212w, https:\/\/ocentrodedianacasa.igualdadebenestar.org\/wp-content\/uploads\/2020\/05\/guias-1-768x1087.png 768w, https:\/\/ocentrodedianacasa.igualdadebenestar.org\/wp-content\/uploads\/2020\/05\/guias-1.png 826w\" sizes=\"(max-width: 724px) 100vw, 724px\" \/><\/figure><\/li><li class=\"blocks-gallery-item\"><figure><img loading=\"lazy\" width=\"538\" height=\"758\" src=\"https:\/\/ocentrodedianacasa.igualdadebenestar.org\/wp-content\/uploads\/2020\/05\/boas-prac.png\" alt=\"\" data-id=\"929\" data-full-url=\"https:\/\/ocentrodedianacasa.igualdadebenestar.org\/wp-content\/uploads\/2020\/05\/boas-prac.png\" data-link=\"https:\/\/ocentrodedianacasa.igualdadebenestar.org\/?attachment_id=929\" class=\"wp-image-929\" srcset=\"https:\/\/ocentrodedianacasa.igualdadebenestar.org\/wp-content\/uploads\/2020\/05\/boas-prac.png 538w, https:\/\/ocentrodedianacasa.igualdadebenestar.org\/wp-content\/uploads\/2020\/05\/boas-prac-213x300.png 213w\" sizes=\"(max-width: 538px) 100vw, 538px\" \/><\/figure><\/li><\/ul><\/figure>\n\n\n\n<p><\/p>\n ","protected":false},"excerpt":{"rendered":"<p>Da nosa colleita \u00e9 un recolpilatorio de acci\u00f3ns que recollen o noso facer profesional, baseado nun modelo de capacitaci\u00f3n profesional. FALEMOS Falemos \u00e9 unha iniciativa que cont\u00e9n breves faladoiros sobre <a class=\"more-link\" href=\"https:\/\/ocentrodedianacasa.igualdadebenestar.org\/?page_id=38\">Continue Reading &rarr;<\/a><\/p>\n","protected":false},"author":3,"featured_media":767,"parent":0,"menu_order":0,"comment_status":"open","ping_status":"closed","template":"","meta":[],"_links":{"self":[{"href":"https:\/\/ocentrodedianacasa.igualdadebenestar.org\/index.php?rest_route=\/wp\/v2\/pages\/38"}],"collection":[{"href":"https:\/\/ocentrodedianacasa.igualdadebenestar.org\/index.php?rest_route=\/wp\/v2\/pages"}],"about":[{"href":"https:\/\/ocentrodedianacasa.igualdadebenestar.org\/index.php?rest_route=\/wp\/v2\/types\/page"}],"author":[{"embeddable":true,"href":"https:\/\/ocentrodedianacasa.igualdadebenestar.org\/index.php?rest_route=\/wp\/v2\/users\/3"}],"replies":[{"embeddable":true,"href":"https:\/\/ocentrodedianacasa.igualdadebenestar.org\/index.php?rest_route=%2Fwp%2Fv2%2Fcomments&post=38"}],"version-history":[{"count":68,"href":"https:\/\/ocentrodedianacasa.igualdadebenestar.org\/index.php?rest_route=\/wp\/v2\/pages\/38\/revisions"}],"predecessor-version":[{"id":5116,"href":"https:\/\/ocentrodedianacasa.igualdadebenestar.org\/index.php?rest_route=\/wp\/v2\/pages\/38\/revisions\/5116"}],"wp:featuredmedia":[{"embeddable":true,"href":"https:\/\/ocentrodedianacasa.igualdadebenestar.org\/index.php?rest_route=\/wp\/v2\/media\/767"}],"wp:attachment":[{"href":"https:\/\/ocentrodedianacasa.igualdadebenestar.org\/index.php?rest_route=%2Fwp%2Fv2%2Fmedia&parent=38"}],"curies":[{"name":"wp","href":"https:\/\/api.w.org\/{rel}","templated":true}]}}