{"id":1624,"date":"2020-05-21T14:44:13","date_gmt":"2020-05-21T12:44:13","guid":{"rendered":"https:\/\/ocentrodedianacasa.igualdadebenestar.org\/?page_id=1624"},"modified":"2020-10-30T10:20:16","modified_gmt":"2020-10-30T09:20:16","slug":"que-facer","status":"publish","type":"page","link":"https:\/\/ocentrodedianacasa.igualdadebenestar.org\/?page_id=1624","title":{"rendered":"Que FACER?"},"content":{"rendered":"\n<p>Aqu\u00ed podes atopar actividades, artigos e un mont\u00f3n de material  elaboradas polas diferentes equipas de traballo dos nosos centros e ordeado por categor\u00edas:<\/p>\n\n\n<ul class=\"wp-block-categories wp-block-categories-list\">\t<li class=\"cat-item cat-item-37\"><a href=\"https:\/\/ocentrodedianacasa.igualdadebenestar.org\/?cat=37\">A nosas reflexi\u00f3ns, e ti que pensas?<\/a>\n<\/li>\n\t<li class=\"cat-item cat-item-40\"><a href=\"https:\/\/ocentrodedianacasa.igualdadebenestar.org\/?cat=40\">Actividades para o confinamento<\/a>\n<\/li>\n\t<li class=\"cat-item cat-item-20\"><a href=\"https:\/\/ocentrodedianacasa.igualdadebenestar.org\/?cat=20\">Artisteando<\/a>\n<\/li>\n\t<li class=\"cat-item cat-item-130\"><a href=\"https:\/\/ocentrodedianacasa.igualdadebenestar.org\/?cat=130\" title=\"__________________________________________________________________________\r\n\r\nSon varios os grupos de traballo no Consorcio Galego de Servizos de Igualdade e Benestar, que reflexionan e interve\u00f1en sobre o bo trato, a critica construtiva, o an\u00e1lise das intervenci\u00f3ns con maiores, familias\u2026 O noso obxectivo principal \u00e9 acadar o mellor rendemento no noso d\u00eda a d\u00eda nos centros, coas familias e a comunidade, as\u00ed como o fomento dunha visi\u00f3n positiva do envellecemento e o coidado dos maiores na sociedade.\r\nEstas equipas de traballo procuran fomentar as boas pr\u00e1cticas, o bo clima laboral, a reflexi\u00f3n \u00e9tica, os procedementos (G\u00edas Metodol\u00f3xicas de Actuaci\u00f3n- GAM) En cada un de estes grupos traballan profesionais de distintas disciplinas e nos gustar\u00eda que vos nos derades a vosa opini\u00f3n\u2026\">As nosas reflexi\u00f3ns. E TI QUE OPINAS?<\/a>\n<\/li>\n\t<li class=\"cat-item cat-item-128\"><a href=\"https:\/\/ocentrodedianacasa.igualdadebenestar.org\/?cat=128\">Colaboraci\u00f3ns<\/a>\n<\/li>\n\t<li class=\"cat-item cat-item-17\"><a href=\"https:\/\/ocentrodedianacasa.igualdadebenestar.org\/?cat=17\">Concursos e parcicipaci\u00f3ns<\/a>\n<\/li>\n\t<li class=\"cat-item cat-item-44\"><a href=\"https:\/\/ocentrodedianacasa.igualdadebenestar.org\/?cat=44\">Datas sinaladas<\/a>\n<\/li>\n\t<li class=\"cat-item cat-item-29\"><a href=\"https:\/\/ocentrodedianacasa.igualdadebenestar.org\/?cat=29\">E ti que opinas disto?<\/a>\n<\/li>\n\t<li class=\"cat-item cat-item-137\"><a href=\"https:\/\/ocentrodedianacasa.igualdadebenestar.org\/?cat=137\">Encontros<\/a>\n<\/li>\n\t<li class=\"cat-item cat-item-132\"><a href=\"https:\/\/ocentrodedianacasa.igualdadebenestar.org\/?cat=132\" title=\"__________________________________________________\r\n\r\nRecopilamos distintas noticias publicadas nos medios de comunicaci\u00f3ns, nas que, ou ben se falou sobre alg\u00fan dos nosos centros e\/ou con algunha das nosas traballadoras\/es, ou ben se traslada informaci\u00f3n que consideramos de interese para todos os que formamos parte deste sector.\">Falan de N\u00d3S<\/a>\n<\/li>\n\t<li class=\"cat-item cat-item-16\"><a href=\"https:\/\/ocentrodedianacasa.igualdadebenestar.org\/?cat=16\">Informaci\u00f3n de inter\u00e9s<\/a>\n<\/li>\n\t<li class=\"cat-item cat-item-22\"><a href=\"https:\/\/ocentrodedianacasa.igualdadebenestar.org\/?cat=22\">Movemos a mente<\/a>\n<\/li>\n\t<li class=\"cat-item cat-item-23\"><a href=\"https:\/\/ocentrodedianacasa.igualdadebenestar.org\/?cat=23\">Movemos o corpo<\/a>\n<\/li>\n\t<li class=\"cat-item cat-item-21\"><a href=\"https:\/\/ocentrodedianacasa.igualdadebenestar.org\/?cat=21\">M\u00fasica para os sentidos<\/a>\n<\/li>\n\t<li class=\"cat-item cat-item-19\"><a href=\"https:\/\/ocentrodedianacasa.igualdadebenestar.org\/?cat=19\">O exercicio de coidar<\/a>\n<\/li>\n\t<li class=\"cat-item cat-item-135\"><a href=\"https:\/\/ocentrodedianacasa.igualdadebenestar.org\/?cat=135\">Sa\u00eddas e Excursi\u00f3ns<\/a>\n<\/li>\n\t<li class=\"cat-item cat-item-18\"><a href=\"https:\/\/ocentrodedianacasa.igualdadebenestar.org\/?cat=18\">Sa\u00fados e recados<\/a>\n<\/li>\n\t<li class=\"cat-item cat-item-66\"><a href=\"https:\/\/ocentrodedianacasa.igualdadebenestar.org\/?cat=66\">Sen categor\u00eda<\/a>\n<\/li>\n\t<li class=\"cat-item cat-item-122\"><a href=\"https:\/\/ocentrodedianacasa.igualdadebenestar.org\/?cat=122\">Sen categor\u00eda<\/a>\n<\/li>\n<\/ul> ","protected":false},"excerpt":{"rendered":"<p>Aqu\u00ed podes atopar actividades, artigos e un mont\u00f3n de material elaboradas polas diferentes equipas de traballo dos nosos centros e ordeado por categor\u00edas:<\/p>\n","protected":false},"author":3,"featured_media":0,"parent":0,"menu_order":0,"comment_status":"open","ping_status":"closed","template":"","meta":[],"_links":{"self":[{"href":"https:\/\/ocentrodedianacasa.igualdadebenestar.org\/index.php?rest_route=\/wp\/v2\/pages\/1624"}],"collection":[{"href":"https:\/\/ocentrodedianacasa.igualdadebenestar.org\/index.php?rest_route=\/wp\/v2\/pages"}],"about":[{"href":"https:\/\/ocentrodedianacasa.igualdadebenestar.org\/index.php?rest_route=\/wp\/v2\/types\/page"}],"author":[{"embeddable":true,"href":"https:\/\/ocentrodedianacasa.igualdadebenestar.org\/index.php?rest_route=\/wp\/v2\/users\/3"}],"replies":[{"embeddable":true,"href":"https:\/\/ocentrodedianacasa.igualdadebenestar.org\/index.php?rest_route=%2Fwp%2Fv2%2Fcomments&post=1624"}],"version-history":[{"count":16,"href":"https:\/\/ocentrodedianacasa.igualdadebenestar.org\/index.php?rest_route=\/wp\/v2\/pages\/1624\/revisions"}],"predecessor-version":[{"id":2406,"href":"https:\/\/ocentrodedianacasa.igualdadebenestar.org\/index.php?rest_route=\/wp\/v2\/pages\/1624\/revisions\/2406"}],"wp:attachment":[{"href":"https:\/\/ocentrodedianacasa.igualdadebenestar.org\/index.php?rest_route=%2Fwp%2Fv2%2Fmedia&parent=1624"}],"curies":[{"name":"wp","href":"https:\/\/api.w.org\/{rel}","templated":true}]}}